{"id":705,"date":"2019-04-25T19:37:57","date_gmt":"2019-04-25T16:37:57","guid":{"rendered":"https:\/\/tiinamari.com\/?page_id=705"},"modified":"2019-04-25T19:39:11","modified_gmt":"2019-04-25T16:39:11","slug":"705-2","status":"publish","type":"page","link":"https:\/\/runciter.esy.es\/index.php\/705-2\/","title":{"rendered":"Tietosuojaseloste"},"content":{"rendered":"\n<p><strong>T\u00e4m\u00e4  on henkil\u00f6tietolain (10 ja 24 \u00a7) ja EU:n yleisen tietosuoja-asetuksen  (GDPR) mukainen rekisteri- ja tietosuojaseloste. Laadittu 25.4.2019.  Viimeisin muutos 26.4.2019.<\/strong><\/p>\n\n\n\n<p><strong>1. Rekisterinpit\u00e4j\u00e4<\/strong><br>Keramiikkapaja Tiinamari<\/p>\n\n\n\n<p><strong>2. Rekisterist\u00e4 vastaava yhteyshenkil\u00f6<\/strong><br>Tiina Pietil\u00e4<br> 040 557 4299 <br> tiina@runciter.esy.es<br> https:\/\/www.runciter.esy.es<\/p>\n\n\n\n<p><strong>3. Rekisterin nimi<\/strong><br>Yrityksen asiakasrekisteri.<\/p>\n\n\n\n<p><strong>4. Oikeusperuste ja henkil\u00f6tietojen k\u00e4sittelyn tarkoitus<\/strong><\/p>\n\n\n\n<p>Henkil\u00f6tietojen\n k\u00e4sittelyn tarkoitus on yhteydenpito asiakkaisiin. Tietoja ei k\u00e4ytet\u00e4 \nautomatisoituun p\u00e4\u00e4t\u00f6ksentekoon tai profilointiin.<\/p>\n\n\n\n<p><strong>5. Rekisterin tietosis\u00e4lt\u00f6<\/strong><br>Rekisteriin\n tallennettavia tietoja ovat: henkil\u00f6n nimi, yhteystiedot \n(puhelinnumero, s\u00e4hk\u00f6postiosoite, osoite) sek\u00e4 muut asiakassuhteeseen ja\n tilattuihin palveluihin liittyv\u00e4t tiedot.<\/p>\n\n\n\n<p><strong>6. S\u00e4\u00e4nn\u00f6nmukaiset tietol\u00e4hteet<\/strong><br>Rekisteriin\n tallennettavat tiedot saadaan asiakkaalta mm. www-lomakkeilla \nl\u00e4hetetyist\u00e4 viesteist\u00e4, s\u00e4hk\u00f6postitse, puhelimitse, sopimuksista, \nasiakastapaamisista ja muista tilanteista, joissa asiakas luovuttaa \ntietojaan.<\/p>\n\n\n\n<p><strong>7. Tietojen s\u00e4\u00e4nn\u00f6nmukaiset luovutukset ja tietojen siirto EU:n tai ETA:n ulkopuolelle<\/strong><br>Tietoja ei luovuteta s\u00e4\u00e4nn\u00f6nmukaisesti muille tahoille.<\/p>\n\n\n\n<p><strong>8. Rekisterin suojauksen periaatteet<\/strong><br>Rekisterin\n k\u00e4sittelyss\u00e4 noudatetaan huolellisuutta ja tietoj\u00e4rjestelmien avulla \nk\u00e4sitelt\u00e4v\u00e4t tiedot suojataan asianmukaisesti. Kun rekisteritietoja \ns\u00e4ilytet\u00e4\u00e4n Internet-palvelimilla, niiden laitteiston fyysisest\u00e4 ja \ndigitaalisesta tietoturvasta huolehditaan asiaankuuluvasti. \nRekisterinpit\u00e4j\u00e4 huolehtii siit\u00e4, ett\u00e4 tallennettuja tietoja sek\u00e4 \npalvelimien k\u00e4ytt\u00f6oikeuksia ja muita henkil\u00f6tietojen turvallisuuden \nkannalta kriittisi\u00e4 tietoja k\u00e4sitell\u00e4\u00e4n luottamuksellisesti.<\/p>\n\n\n\n<p><strong>9. Tarkastusoikeus ja oikeus vaatia tiedon korjaamista<\/strong><br>Jokaisella\n rekisteriss\u00e4 olevalla henkil\u00f6ll\u00e4 on oikeus tarkistaa rekisteriin \ntallennetut tietonsa ja vaatia mahdollisen virheellisen tiedon \nkorjaamista tai puutteellisen tiedon t\u00e4ydent\u00e4mist\u00e4. Mik\u00e4li henkil\u00f6 \nhaluaa tarkistaa h\u00e4nest\u00e4 tallennetut tiedot tai vaatia niihin oikaisua, \npyynt\u00f6 tulee l\u00e4hett\u00e4\u00e4 kirjallisesti rekisterinpit\u00e4j\u00e4lle. \nRekisterinpit\u00e4j\u00e4 voi pyyt\u00e4\u00e4 tarvittaessa pyynn\u00f6n esitt\u00e4j\u00e4\u00e4 todistamaan \nhenkil\u00f6llisyytens\u00e4. Rekisterinpit\u00e4j\u00e4 vastaa asiakkaalle EU:n \ntietosuoja-asetuksessa s\u00e4\u00e4detyss\u00e4 ajassa (p\u00e4\u00e4s\u00e4\u00e4nt\u00f6isesti kuukauden \nkuluessa).<\/p>\n\n\n\n<p><strong>10. Muut henkil\u00f6tietojen k\u00e4sittelyyn liittyv\u00e4t oikeudet<\/strong><br>Rekisteriss\u00e4\n olevalla henkil\u00f6ll\u00e4 on oikeus pyyt\u00e4\u00e4 h\u00e4nt\u00e4 koskevien henkil\u00f6tietojen \npoistamiseen rekisterist\u00e4 (\u201doikeus tulla unohdetuksi\u201d). Niin ik\u00e4\u00e4n \nrekister\u00f6idyill\u00e4 on muut EU:n yleisen tietosuoja-asetuksen mukaiset \noikeudet kuten henkil\u00f6tietojen k\u00e4sittelyn rajoittaminen tietyiss\u00e4 \ntilanteissa. Pyynn\u00f6t tulee l\u00e4hett\u00e4\u00e4 kirjallisesti rekisterinpit\u00e4j\u00e4lle. \nRekisterinpit\u00e4j\u00e4 voi pyyt\u00e4\u00e4 tarvittaessa pyynn\u00f6n esitt\u00e4j\u00e4\u00e4 todistamaan \nhenkil\u00f6llisyytens\u00e4. Rekisterinpit\u00e4j\u00e4 vastaa asiakkaalle EU:n \ntietosuoja-asetuksessa s\u00e4\u00e4detyss\u00e4 ajassa (p\u00e4\u00e4s\u00e4\u00e4nt\u00f6isesti kuukauden \nkuluessa).<\/p>\n","protected":false},"excerpt":{"rendered":"<p>T\u00e4m\u00e4 on henkil\u00f6tietolain (10 ja 24 \u00a7) ja EU:n yleisen tietosuoja-asetuksen (GDPR) mukainen rekisteri- ja tietosuojaseloste. Laadittu 25.4.2019. Viimeisin muutos 26.4.2019. 1. Rekisterinpit\u00e4j\u00e4Keramiikkapaja Tiinamari 2. Rekisterist\u00e4 vastaava yhteyshenkil\u00f6Tiina Pietil\u00e4 040 557 4299 tiina@runciter.esy.es https:\/\/www.runciter.esy.es 3. Rekisterin nimiYrityksen asiakasrekisteri. 4. Oikeusperuste ja henkil\u00f6tietojen k\u00e4sittelyn tarkoitus Henkil\u00f6tietojen k\u00e4sittelyn tarkoitus on yhteydenpito asiakkaisiin. [&hellip;]<\/p>\n","protected":false},"author":1,"featured_media":0,"parent":0,"menu_order":0,"comment_status":"closed","ping_status":"closed","template":"","meta":[],"_links":{"self":[{"href":"https:\/\/runciter.esy.es\/index.php\/wp-json\/wp\/v2\/pages\/705"}],"collection":[{"href":"https:\/\/runciter.esy.es\/index.php\/wp-json\/wp\/v2\/pages"}],"about":[{"href":"https:\/\/runciter.esy.es\/index.php\/wp-json\/wp\/v2\/types\/page"}],"author":[{"embeddable":true,"href":"https:\/\/runciter.esy.es\/index.php\/wp-json\/wp\/v2\/users\/1"}],"replies":[{"embeddable":true,"href":"https:\/\/runciter.esy.es\/index.php\/wp-json\/wp\/v2\/comments?post=705"}],"version-history":[{"count":2,"href":"https:\/\/runciter.esy.es\/index.php\/wp-json\/wp\/v2\/pages\/705\/revisions"}],"predecessor-version":[{"id":708,"href":"https:\/\/runciter.esy.es\/index.php\/wp-json\/wp\/v2\/pages\/705\/revisions\/708"}],"wp:attachment":[{"href":"https:\/\/runciter.esy.es\/index.php\/wp-json\/wp\/v2\/media?parent=705"}],"curies":[{"name":"wp","href":"https:\/\/api.w.org\/{rel}","templated":true}]}}