{"id":54,"date":"2019-02-01T19:50:54","date_gmt":"2019-02-01T17:50:54","guid":{"rendered":"http:\/\/tiinamari.com\/?page_id=54"},"modified":"2022-05-30T13:38:42","modified_gmt":"2022-05-30T10:38:42","slug":"myymalat","status":"publish","type":"page","link":"https:\/\/runciter.esy.es\/index.php\/myymalat\/","title":{"rendered":"Myym\u00e4l\u00e4t"},"content":{"rendered":"<h2>Keramiikkapaja TiinaMari<\/h2>\n<p>\t\t\t\t\t\t\t\t\t\t\t<a href=\"https:\/\/runciter.esy.es\/wp-content\/uploads\/2019\/04\/paja-1.png\" data-elementor-open-lightbox=\"default\"><br \/>\n\t\t\t\t\t\t\t<img loading=\"lazy\" width=\"460\" height=\"576\" src=\"https:\/\/runciter.esy.es\/wp-content\/uploads\/2019\/04\/paja-1-460x576.png\" alt=\"\" srcset=\"https:\/\/runciter.esy.es\/wp-content\/uploads\/2019\/04\/paja-1-460x576.png 460w, https:\/\/runciter.esy.es\/wp-content\/uploads\/2019\/04\/paja-1-230x288.png 230w\" sizes=\"(max-width: 460px) 100vw, 460px\" \/>\t\t\t\t\t\t\t\t<\/a><br \/>\n\t\t\t\t\t\t\t\t\t\t\t<a href=\"https:\/\/runciter.esy.es\/wp-content\/uploads\/2019\/04\/paja-5.jpg\" data-elementor-open-lightbox=\"default\"><br \/>\n\t\t\t\t\t\t\t<img loading=\"lazy\" width=\"600\" height=\"803\" src=\"https:\/\/runciter.esy.es\/wp-content\/uploads\/2019\/04\/paja-5-600x803.jpg\" alt=\"\" srcset=\"https:\/\/runciter.esy.es\/wp-content\/uploads\/2019\/04\/paja-5-600x803.jpg 600w, https:\/\/runciter.esy.es\/wp-content\/uploads\/2019\/04\/paja-5-224x300.jpg 224w, https:\/\/runciter.esy.es\/wp-content\/uploads\/2019\/04\/paja-5.jpg 717w\" sizes=\"(max-width: 600px) 100vw, 600px\" \/>\t\t\t\t\t\t\t\t<\/a><br \/>\n\t\t\t\t\t\t\t\t\t\t\t<a href=\"https:\/\/runciter.esy.es\/wp-content\/uploads\/2019\/04\/paja-4.png\" data-elementor-open-lightbox=\"default\"><br \/>\n\t\t\t\t\t\t\t<img loading=\"lazy\" width=\"460\" height=\"576\" src=\"https:\/\/runciter.esy.es\/wp-content\/uploads\/2019\/04\/paja-4-460x576.png\" alt=\"\" srcset=\"https:\/\/runciter.esy.es\/wp-content\/uploads\/2019\/04\/paja-4-460x576.png 460w, https:\/\/runciter.esy.es\/wp-content\/uploads\/2019\/04\/paja-4-230x288.png 230w\" sizes=\"(max-width: 460px) 100vw, 460px\" \/>\t\t\t\t\t\t\t\t<\/a><br \/>\n\t\t\t\t\t\t\t\t\t\t\t<a href=\"https:\/\/runciter.esy.es\/wp-content\/uploads\/2019\/02\/ala-temmes.jpg\" data-elementor-open-lightbox=\"default\"><br \/>\n\t\t\t\t\t\t\t<img loading=\"lazy\" width=\"460\" height=\"576\" src=\"https:\/\/runciter.esy.es\/wp-content\/uploads\/2019\/02\/ala-temmes-460x576.jpg\" alt=\"\" srcset=\"https:\/\/runciter.esy.es\/wp-content\/uploads\/2019\/02\/ala-temmes-460x576.jpg 460w, https:\/\/runciter.esy.es\/wp-content\/uploads\/2019\/02\/ala-temmes-230x288.jpg 230w\" sizes=\"(max-width: 460px) 100vw, 460px\" \/>\t\t\t\t\t\t\t\t<\/a><\/p>\n<figure><img src=\"https:\/\/runciter.esy.es\/wp-content\/uploads\/2019\/02\/ala-temmes-460x576.jpg\" alt=\"ala-temmes\" \/><\/figure>\n<figure><img src=\"https:\/\/runciter.esy.es\/wp-content\/uploads\/2019\/03\/1400806_736045463089810_1172210481_o-460x576.jpg\" alt=\"1400806_736045463089810_1172210481_o\" \/><\/figure>\n<figure><img src=\"https:\/\/runciter.esy.es\/wp-content\/uploads\/2019\/04\/paja-1-460x576.png\" alt=\"paja 1\" \/><\/figure>\n<figure><img src=\"https:\/\/runciter.esy.es\/wp-content\/uploads\/2019\/04\/paja-2-460x576.jpg\" alt=\"paja 2\" \/><\/figure>\n<p style=\"font-size: 16px;\">Maalaistalon pihapiiriss\u00e4 sijaitsee Keramiikkapaja TiinaMari, jonka yhteydess\u00e4 on my\u00f6s kaunis myym\u00e4l\u00e4. T\u00e4\u00e4lt\u00e4 l\u00f6ytyy paljon muitakin kauniita ja uniikkeja esineit\u00e4 murre-tuotteiden lis\u00e4ksi. Myym\u00e4l\u00e4n yhteydess\u00e4 on ty\u00f6tilat ja p\u00e4\u00e4set halutessasi kurkistamaan kuinka keramiikkaesineet valmistetaan.<\/p>\n<p style=\"font-size: 16px;\">Maalaismyym\u00e4l\u00e4 avoinna arkisin 10 &#8211; 17<strong>.<\/strong><\/p>\n<p>\t\t\t<iframe frameborder=\"0\" scrolling=\"no\" marginheight=\"0\" marginwidth=\"0\" src=\"https:\/\/maps.google.com\/maps?q=Keramiikkapaja%20TiinaMari&amp;t=m&amp;z=9&amp;output=embed&amp;iwloc=near\" aria-label=\"Keramiikkapaja TiinaMari\"><\/iframe>\t\t<\/p>\n<h2>Toriaitta 11<\/h2>\n<p>\t\t\t\t\t\t\t\t\t\t\t<a href=\"https:\/\/runciter.esy.es\/wp-content\/uploads\/2019\/04\/tori-2.jpg\" data-elementor-open-lightbox=\"default\"><br \/>\n\t\t\t\t\t\t\t<img loading=\"lazy\" width=\"230\" height=\"288\" src=\"https:\/\/runciter.esy.es\/wp-content\/uploads\/2019\/04\/tori-2-230x288.jpg\" alt=\"\" srcset=\"https:\/\/runciter.esy.es\/wp-content\/uploads\/2019\/04\/tori-2-230x288.jpg 230w, https:\/\/runciter.esy.es\/wp-content\/uploads\/2019\/04\/tori-2-460x576.jpg 460w\" sizes=\"(max-width: 230px) 100vw, 230px\" \/>\t\t\t\t\t\t\t\t<\/a><br \/>\n\t\t\t\t\t\t\t\t\t\t\t<a href=\"https:\/\/runciter.esy.es\/wp-content\/uploads\/2019\/04\/tori-1.jpg\" data-elementor-open-lightbox=\"default\"><br \/>\n\t\t\t\t\t\t\t<img loading=\"lazy\" width=\"230\" height=\"288\" src=\"https:\/\/runciter.esy.es\/wp-content\/uploads\/2019\/04\/tori-1-230x288.jpg\" alt=\"\" srcset=\"https:\/\/runciter.esy.es\/wp-content\/uploads\/2019\/04\/tori-1-230x288.jpg 230w, https:\/\/runciter.esy.es\/wp-content\/uploads\/2019\/04\/tori-1-460x576.jpg 460w\" sizes=\"(max-width: 230px) 100vw, 230px\" \/>\t\t\t\t\t\t\t\t<\/a><br \/>\n\t\t\t\t\t\t\t\t\t\t\t<a href=\"https:\/\/runciter.esy.es\/wp-content\/uploads\/2019\/04\/tori-3.jpg\" data-elementor-open-lightbox=\"default\"><br \/>\n\t\t\t\t\t\t\t<img loading=\"lazy\" width=\"460\" height=\"576\" src=\"https:\/\/runciter.esy.es\/wp-content\/uploads\/2019\/04\/tori-3-460x576.jpg\" alt=\"\" srcset=\"https:\/\/runciter.esy.es\/wp-content\/uploads\/2019\/04\/tori-3-460x576.jpg 460w, https:\/\/runciter.esy.es\/wp-content\/uploads\/2019\/04\/tori-3-230x288.jpg 230w\" sizes=\"(max-width: 460px) 100vw, 460px\" \/>\t\t\t\t\t\t\t\t<\/a><br \/>\n\t\t\t\t\t\t\t\t\t\t\t<a href=\"https:\/\/runciter.esy.es\/wp-content\/uploads\/2019\/03\/18740700_1669730159721331_8173444564163439817_n.jpg\" data-elementor-open-lightbox=\"default\"><br \/>\n\t\t\t\t\t\t\t<img loading=\"lazy\" width=\"460\" height=\"576\" src=\"https:\/\/runciter.esy.es\/wp-content\/uploads\/2019\/03\/18740700_1669730159721331_8173444564163439817_n-460x576.jpg\" alt=\"\" srcset=\"https:\/\/runciter.esy.es\/wp-content\/uploads\/2019\/03\/18740700_1669730159721331_8173444564163439817_n-460x576.jpg 460w, https:\/\/runciter.esy.es\/wp-content\/uploads\/2019\/03\/18740700_1669730159721331_8173444564163439817_n-230x288.jpg 230w\" sizes=\"(max-width: 460px) 100vw, 460px\" \/>\t\t\t\t\t\t\t\t<\/a><\/p>\n<figure><img src=\"https:\/\/runciter.esy.es\/wp-content\/uploads\/2019\/03\/20746038_1753315028029510_485620585691121534_o-460x576.jpg\" alt=\"20746038_1753315028029510_485620585691121534_o\" \/><\/figure>\n<figure><img src=\"https:\/\/runciter.esy.es\/wp-content\/uploads\/2019\/03\/18766033_1669730173054663_7354406347442788931_n-460x576.jpg\" alt=\"18766033_1669730173054663_7354406347442788931_n\" \/><\/figure>\n<figure><img src=\"https:\/\/runciter.esy.es\/wp-content\/uploads\/2019\/03\/18740700_1669730159721331_8173444564163439817_n-460x576.jpg\" alt=\"18740700_1669730159721331_8173444564163439817_n\" \/><\/figure>\n<figure><img src=\"https:\/\/runciter.esy.es\/wp-content\/uploads\/2019\/02\/toriaitta-460x576.jpg\" alt=\"toriaitta\" \/><\/figure>\n<p style=\"font-size: 16px;\">Oulun torirannassa sijaitsee vanhoja kauniita makasiineja, ja Toriaitta 11 on meid\u00e4n <strong>kes\u00e4myym\u00e4l\u00e4mme<\/strong>. Toriaitta sijaitsee aivan rannassa. T\u00e4\u00e4ll\u00e4 p\u00e4\u00e4set ihastumaan keramiikkaan ja muuhun kauniiseen k\u00e4sity\u00f6h\u00f6n kahdessa kerroksessa.\u00a0<\/p>\n<p style=\"font-size: 16px;\"><strong>Avoinna<\/strong> ma &#8211; pe klo 11 &#8211; 17 00, la 11 &#8211; 15.\u00a0<b>Ei auki elokuun j\u00e4lkeen.<\/b><\/p>\n<p>\t\t\t<iframe frameborder=\"0\" scrolling=\"no\" marginheight=\"0\" marginwidth=\"0\" src=\"https:\/\/maps.google.com\/maps?q=oulun%20tori&amp;t=m&amp;z=9&amp;output=embed&amp;iwloc=near\" aria-label=\"oulun tori\"><\/iframe><\/p>\n","protected":false},"excerpt":{"rendered":"<p>Keramiikkapaja TiinaMari Maalaistalon pihapiiriss\u00e4 sijaitsee Keramiikkapaja TiinaMari, jonka yhteydess\u00e4 on my\u00f6s kaunis myym\u00e4l\u00e4. T\u00e4\u00e4lt\u00e4 l\u00f6ytyy paljon muitakin kauniita ja uniikkeja esineit\u00e4 murre-tuotteiden lis\u00e4ksi. Myym\u00e4l\u00e4n yhteydess\u00e4 on ty\u00f6tilat ja p\u00e4\u00e4set halutessasi kurkistamaan kuinka keramiikkaesineet valmistetaan. Maalaismyym\u00e4l\u00e4 avoinna arkisin 10 &#8211; 17. Toriaitta 11 Oulun torirannassa sijaitsee vanhoja kauniita makasiineja, ja Toriaitta [&hellip;]<\/p>\n","protected":false},"author":1,"featured_media":0,"parent":0,"menu_order":0,"comment_status":"closed","ping_status":"closed","template":"","meta":[],"_links":{"self":[{"href":"https:\/\/runciter.esy.es\/index.php\/wp-json\/wp\/v2\/pages\/54"}],"collection":[{"href":"https:\/\/runciter.esy.es\/index.php\/wp-json\/wp\/v2\/pages"}],"about":[{"href":"https:\/\/runciter.esy.es\/index.php\/wp-json\/wp\/v2\/types\/page"}],"author":[{"embeddable":true,"href":"https:\/\/runciter.esy.es\/index.php\/wp-json\/wp\/v2\/users\/1"}],"replies":[{"embeddable":true,"href":"https:\/\/runciter.esy.es\/index.php\/wp-json\/wp\/v2\/comments?post=54"}],"version-history":[{"count":76,"href":"https:\/\/runciter.esy.es\/index.php\/wp-json\/wp\/v2\/pages\/54\/revisions"}],"predecessor-version":[{"id":32121,"href":"https:\/\/runciter.esy.es\/index.php\/wp-json\/wp\/v2\/pages\/54\/revisions\/32121"}],"wp:attachment":[{"href":"https:\/\/runciter.esy.es\/index.php\/wp-json\/wp\/v2\/media?parent=54"}],"curies":[{"name":"wp","href":"https:\/\/api.w.org\/{rel}","templated":true}]}}