{"id":535,"date":"2019-03-19T12:52:56","date_gmt":"2019-03-19T10:52:56","guid":{"rendered":"http:\/\/tiinamari.com\/?page_id=535"},"modified":"2019-05-28T20:39:30","modified_gmt":"2019-05-28T17:39:30","slug":"tilaus-ja-toimitusehdot","status":"publish","type":"page","link":"https:\/\/runciter.esy.es\/index.php\/tilaus-ja-toimitusehdot\/","title":{"rendered":"Tilaus- ja toimitusehdot"},"content":{"rendered":"\n<p>TILAUS- JA TOIMITUSEHDOT<\/p>\n\n\n\n<p>YLEIST\u00c4 VERKKOKAUPASTA<\/p>\n\n\n\n<p>Tilaaminen Keramiikkapaja TiinaMarin verkkokaupasta on helppoa. Lis\u00e4\u00e4\n valitsemasi tuote\/tuotteet ostoskoriin. Kun olet valmis, siirry \nkassalle ja valitse haluamasi maksutapa. Saat tilauksestasi vahvistuksen\n s\u00e4hk\u00f6postiisi.<\/p>\n\n\n\n<p>Otathan tilatessasi huomioon, ett\u00e4 tuotteemme ovat k\u00e4sintehtyj\u00e4 ja \nsiten uniikkeja. Tuotteissa voi esiinty\u00e4 koko- ja s\u00e4vyeroja, jotka \nkuuluvat tuotteiden luonteeseen. Kuitenkin esimerkikisi samalla kertaa \ntilatut tuotteet pyrimme valitsemaan mahdollisemman yhten\u00e4isiksi.<\/p>\n\n\n\n<p>T\u00e4ll\u00e4 hetkell\u00e4 toimitamme vain Suomeen.<br>\n&nbsp;<br>\nTILAAMINEN<br>\nTilaus maksetaan verkkopankissa tilauksen yhteydess\u00e4, tai tilauksen \nlopussa ilmoitetulle pankkitilille viimeist\u00e4\u00e4n vuorokauden kuluessa \ntilauksesta. Tilauksen lopullinen hinta on ilmoitettuna aina tilauksen \nyhteydess\u00e4. Mik\u00e4li maksu ei n\u00e4y tilill\u00e4ni 5 arkip\u00e4iv\u00e4n p\u00e4\u00e4st\u00e4 \ntilauksesta tilaus mit\u00e4t\u00f6id\u00e4\u00e4n. Tilauksen mit\u00e4t\u00f6innist\u00e4 tulee aina \nilmoitus s\u00e4hk\u00f6postiin.<\/p>\n\n\n\n<p><br> TOIMITUSKULUT<br> Toimituskuluja perimme postimaksun verran. Postimaksu lasketaan tilauksen yhteydess\u00e4  tuotteiden painon mukaan. Tuotteiden painoon on lis\u00e4tty 500g  pakkausmateriaaleja varten. Tuotteidemme toimitusaika on 3-5 ty\u00f6p\u00e4iv\u00e4\u00e4.  Pyrimme postittamaan kaikki tilaukset mahdollisimman pian.<\/p>\n\n\n\n<p>Keramiikkapaja TiinaMari ei vastaa postin aiheuttamista my\u00f6h\u00e4stymisist\u00e4 ja siit\u00e4 aiheutuneista vahingoista.<br> &nbsp;<br> <br> &nbsp;<br> FORCE MAJEURE<br> Keramiikkapaja TiinaMari ei vastaa ylivoimaisen esteen (force majeure)  aiheuttamista viiv\u00e4stymisist\u00e4 eik\u00e4 viiv\u00e4styneen toimituksen  aiheuttamista v\u00e4lillisist\u00e4 haitoista.<\/p>\n\n\n\n<p><br> VAIHTO- JA PALATUSOIKEUS<br> Kaikilla tuotteillamme on Suomen kuluttajansuojalain mukainen 14  vuorokauden vaihto- ja palautusoikeus tuotteen vastaanottamisesta.<br> Palautettavan tuotteen tulee olla alkuper\u00e4iskunnossa, eli k\u00e4ytt\u00e4m\u00e4t\u00f6n ja myyntikelpoinen.<br> Palautus on sinulle ilmaista. Ota yhteytt\u00e4 valmistajaan ja kerro palautuksen syy ja sovitaan miten palautus tapahtuu. Pakettiin p\u00e4\u00e4lle valmistajan osoitetiedot.<br><\/p>\n\n\n\n<p>Keramiikkapaja TiinaMari<br>\nVehkamaantie 3<br>\n91930 Ala-Temmes<\/p>\n\n\n\n<p>Hyvit\u00e4mme maksamasi summan pankkitilillesi heti kun olemme  vastaanottaneet ja k\u00e4sitelleet palautuksesi.<\/p>\n\n\n\n<p>MUUTA<br>\nKysy rohkeasti, jos tulee kysytt\u00e4v\u00e4\u00e4 tuotteisiin, tilaamiseen tai palautukseen liittyen:<\/p>\n\n\n\n<p>tiina@runciter.esy.es<br>\n040 557 4299<\/p>\n","protected":false},"excerpt":{"rendered":"<p>TILAUS- JA TOIMITUSEHDOT YLEIST\u00c4 VERKKOKAUPASTA Tilaaminen Keramiikkapaja TiinaMarin verkkokaupasta on helppoa. Lis\u00e4\u00e4 valitsemasi tuote\/tuotteet ostoskoriin. Kun olet valmis, siirry kassalle ja valitse haluamasi maksutapa. Saat tilauksestasi vahvistuksen s\u00e4hk\u00f6postiisi. Otathan tilatessasi huomioon, ett\u00e4 tuotteemme ovat k\u00e4sintehtyj\u00e4 ja siten uniikkeja. Tuotteissa voi esiinty\u00e4 koko- ja s\u00e4vyeroja, jotka kuuluvat tuotteiden luonteeseen. Kuitenkin esimerkikisi [&hellip;]<\/p>\n","protected":false},"author":1,"featured_media":0,"parent":0,"menu_order":0,"comment_status":"closed","ping_status":"closed","template":"","meta":[],"_links":{"self":[{"href":"https:\/\/runciter.esy.es\/index.php\/wp-json\/wp\/v2\/pages\/535"}],"collection":[{"href":"https:\/\/runciter.esy.es\/index.php\/wp-json\/wp\/v2\/pages"}],"about":[{"href":"https:\/\/runciter.esy.es\/index.php\/wp-json\/wp\/v2\/types\/page"}],"author":[{"embeddable":true,"href":"https:\/\/runciter.esy.es\/index.php\/wp-json\/wp\/v2\/users\/1"}],"replies":[{"embeddable":true,"href":"https:\/\/runciter.esy.es\/index.php\/wp-json\/wp\/v2\/comments?post=535"}],"version-history":[{"count":6,"href":"https:\/\/runciter.esy.es\/index.php\/wp-json\/wp\/v2\/pages\/535\/revisions"}],"predecessor-version":[{"id":904,"href":"https:\/\/runciter.esy.es\/index.php\/wp-json\/wp\/v2\/pages\/535\/revisions\/904"}],"wp:attachment":[{"href":"https:\/\/runciter.esy.es\/index.php\/wp-json\/wp\/v2\/media?parent=535"}],"curies":[{"name":"wp","href":"https:\/\/api.w.org\/{rel}","templated":true}]}}