{"id":46,"date":"2019-01-31T18:29:59","date_gmt":"2019-01-31T16:29:59","guid":{"rendered":"http:\/\/tiinamari.com\/index.php\/hestia-front\/"},"modified":"2023-01-24T03:12:57","modified_gmt":"2023-01-24T01:12:57","slug":"etusivu","status":"publish","type":"page","link":"https:\/\/runciter.esy.es\/","title":{"rendered":"Etusivu"},"content":{"rendered":"<p style=\"text-align: left;\" align=\"LEFT\"><strong>Ei oo v\u00e4li\u00e4 ookko n\u00e4\u00e4 avojalakanen Oululainen vai tullista tullu, tai ett\u00e4 miss\u00e4 n\u00e4\u00e4 nyk\u00e4\u00e4n vaikutat \u2013 meilt\u00e4 l\u00f6ytyy sullekki asti kotiseuturakkautta.<\/strong><\/p>\n<p align=\"LEFT\">Tuotteet ovat uniikkikappaleita keramiikkataiteilija Tiina-Mari Pietil\u00e4n k\u00e4sist\u00e4. Dreija ja yhden naisen yritys ovat py\u00f6rineet jo yli 20 vuotta. Inspiraatio t\u00f6ihin tuovat maalaistalon pihapiiri Limingassa, ymp\u00e4r\u00f6iv\u00e4 luonto ja Oulun kaupunkimilj\u00f6\u00f6.<\/p>\n<p align=\"LEFT\">T\u00e4\u00e4ll\u00e4 tehd\u00e4\u00e4n savesta hyv\u00e4ntuulista keramiikkaa sinua ilahduttamaan, niin arkeen kuin juhlaan.<\/p>\n<p>\t\t\t<a href=\"index.php\/kauppa\" role=\"button\"><br \/>\n\t\t\t\t\t\tKaupassamme liss\u00e4\u00e4 hyv\u00e4n tuulen juttuja!<br \/>\n\t\t\t\t\t<\/a><br \/>\n\t\t[instagram-feed]<\/p>\n<h3>Aukioloajat: Arkisin 10-17 La 11-14<\/h3><\/p>\n","protected":false},"excerpt":{"rendered":"<p>Ei oo v\u00e4li\u00e4 ookko n\u00e4\u00e4 avojalakanen Oululainen vai tullista tullu, tai ett\u00e4 miss\u00e4 n\u00e4\u00e4 nyk\u00e4\u00e4n vaikutat \u2013 meilt\u00e4 l\u00f6ytyy sullekki asti kotiseuturakkautta. Tuotteet ovat uniikkikappaleita keramiikkataiteilija Tiina-Mari Pietil\u00e4n k\u00e4sist\u00e4. Dreija ja yhden naisen yritys ovat py\u00f6rineet jo yli 20 vuotta. Inspiraatio t\u00f6ihin tuovat maalaistalon pihapiiri Limingassa, ymp\u00e4r\u00f6iv\u00e4 luonto ja Oulun [&hellip;]<\/p>\n","protected":false},"author":1,"featured_media":0,"parent":0,"menu_order":0,"comment_status":"closed","ping_status":"closed","template":"","meta":[],"_links":{"self":[{"href":"https:\/\/runciter.esy.es\/index.php\/wp-json\/wp\/v2\/pages\/46"}],"collection":[{"href":"https:\/\/runciter.esy.es\/index.php\/wp-json\/wp\/v2\/pages"}],"about":[{"href":"https:\/\/runciter.esy.es\/index.php\/wp-json\/wp\/v2\/types\/page"}],"author":[{"embeddable":true,"href":"https:\/\/runciter.esy.es\/index.php\/wp-json\/wp\/v2\/users\/1"}],"replies":[{"embeddable":true,"href":"https:\/\/runciter.esy.es\/index.php\/wp-json\/wp\/v2\/comments?post=46"}],"version-history":[{"count":2,"href":"https:\/\/runciter.esy.es\/index.php\/wp-json\/wp\/v2\/pages\/46\/revisions"}],"predecessor-version":[{"id":38430,"href":"https:\/\/runciter.esy.es\/index.php\/wp-json\/wp\/v2\/pages\/46\/revisions\/38430"}],"wp:attachment":[{"href":"https:\/\/runciter.esy.es\/index.php\/wp-json\/wp\/v2\/media?parent=46"}],"curies":[{"name":"wp","href":"https:\/\/api.w.org\/{rel}","templated":true}]}}